{"id":5510,"date":"2024-03-12T20:13:35","date_gmt":"2024-03-12T20:13:35","guid":{"rendered":"https:\/\/medicalife.smkmedya.com\/hastalar-icin-rehber\/"},"modified":"2024-08-26T07:20:35","modified_gmt":"2024-08-26T07:20:35","slug":"hastalar-icin-rehber","status":"publish","type":"page","link":"https:\/\/euromedicalife.com\/tr\/hastalar-icin-rehber\/","title":{"rendered":"Hastalar i\u00e7in rehber"},"content":{"rendered":"\t\t<div data-elementor-type=\"wp-page\" data-elementor-id=\"5510\" class=\"elementor elementor-5510 elementor-84\" data-elementor-post-type=\"page\">\n\t\t\t\t<div class=\"elementor-element elementor-element-3a0c8ff e-flex e-con-boxed e-con e-parent\" data-id=\"3a0c8ff\" data-element_type=\"container\" data-e-type=\"container\" data-settings=\"{&quot;jet_parallax_layout_list&quot;:[]}\">\n\t\t\t\t\t<div class=\"e-con-inner\">\n\t\t\t\t<div class=\"elementor-element elementor-element-98d1ba7 elementor-widget elementor-widget-heading\" data-id=\"98d1ba7\" data-element_type=\"widget\" data-e-type=\"widget\" data-widget_type=\"heading.default\">\n\t\t\t\t\t<h2 class=\"elementor-heading-title elementor-size-default\">7\/24 canl\u0131 \u00e7a\u011fr\u0131 hizmeti<\/h2>\t\t\t\t<\/div>\n\t\t\t\t<div class=\"elementor-element elementor-element-65b7141 elementor-widget elementor-widget-text-editor\" data-id=\"65b7141\" data-element_type=\"widget\" data-e-type=\"widget\" data-widget_type=\"text-editor.default\">\n\t\t\t\t\t\t\t\t\t<p>\u0130lk kat\u0131l\u0131m s\u00fcrecimiz hastalar\u0131m\u0131z\u0131n refah\u0131na odaklan\u0131r ve tam entegre bir hizmet teklifi sunan 7\/24 canl\u0131 \u00e7a\u011fr\u0131 hizmetiyle desteklenir. MEDICALIFE&#8217;da hastalar\u0131m\u0131z\u0131n konaklamalar\u0131 ve tedavileri s\u0131ras\u0131nda organizasyonel konularla ilgili endi\u015felenmelerine gerek kalmadan arkalar\u0131na yaslan\u0131p rahatlayabilmeleri i\u00e7in t\u00fcm formalitelerle ilgileniyoruz.<\/p>\n\t\t\t\t\t\t\t\t<\/div>\n\t\t\t\t<div class=\"elementor-element elementor-element-3e8cc41 elementor-widget elementor-widget-jet-timeline\" data-id=\"3e8cc41\" data-element_type=\"widget\" data-e-type=\"widget\" data-widget_type=\"jet-timeline.default\">\n\t\t\t\t<div class=\"elementor-widget-container\">\n\t\t\t\t\t<div class=\"elementor-jet-timeline jet-elements\"><div class=\"jet-timeline jet-timeline--align-center jet-timeline--align-middle\">\n\t<div class=\"jet-timeline__line\"><div class=\"jet-timeline__line-progress\"><\/div><\/div>\n\t<div class=\"jet-timeline-list\"><div class=\"jet-timeline-item jet-timeline-item--animated elementor-repeater-item-f48e048 jet-timeline-item--image-inside\">\n\t<div class=\"timeline-item__card\">\n\t\t<div class=\"timeline-item__card-inner\">\n\t\t\t\t<div class=\"timeline-item__card-img\"><img fetchpriority=\"high\" decoding=\"async\" width=\"800\" height=\"800\" src=\"https:\/\/euromedicalife.com\/wp-content\/uploads\/2024\/06\/ablauf-callcenter-2.jpg\" class=\"attachment-full size-full wp-image-2769\" alt=\"\" srcset=\"https:\/\/euromedicalife.com\/wp-content\/uploads\/2024\/06\/ablauf-callcenter-2.jpg 800w, https:\/\/euromedicalife.com\/wp-content\/uploads\/2024\/06\/ablauf-callcenter-2-300x300.jpg 300w, https:\/\/euromedicalife.com\/wp-content\/uploads\/2024\/06\/ablauf-callcenter-2-150x150.jpg 150w, https:\/\/euromedicalife.com\/wp-content\/uploads\/2024\/06\/ablauf-callcenter-2-768x768.jpg 768w, https:\/\/euromedicalife.com\/wp-content\/uploads\/2024\/06\/ablauf-callcenter-2-12x12.jpg 12w\" sizes=\"(max-width: 800px) 100vw, 800px\" \/><\/div>\t\t\t\t<div class=\"timeline-item__card-content\">\n\t\t\t\t\t<div class=\"timeline-item__meta\"><\/div><h5 class=\"timeline-item__card-title\">1. Merkez ekiple ileti\u015fime ge\u00e7in<\/h5><div class=\"timeline-item__card-desc\">Hasta yetkili \u00e7a\u011fr\u0131 merkezi ekibimizle ileti\u015fime ge\u00e7er  <\/div>\t\t\t\t<\/div>\n\t\t\t\t\t\t<\/div>\n\t\t<div class=\"timeline-item__card-arrow\"><\/div>\n\t<\/div>\n\t<div class=\"timeline-item__point\"><div class=\"timeline-item__point-content timeline-item__point-content--text\">1<\/div><\/div><div class=\"timeline-item__meta\"><\/div><\/div><div class=\"jet-timeline-item jet-timeline-item--animated elementor-repeater-item-4692f91 jet-timeline-item--image-inside\">\n\t<div class=\"timeline-item__card\">\n\t\t<div class=\"timeline-item__card-inner\">\n\t\t\t\t<div class=\"timeline-item__card-img\"><img decoding=\"async\" width=\"800\" height=\"800\" src=\"https:\/\/euromedicalife.com\/wp-content\/uploads\/2024\/06\/ablauf-erstbewertung-2.jpg\" class=\"attachment-full size-full wp-image-2770\" alt=\"\" srcset=\"https:\/\/euromedicalife.com\/wp-content\/uploads\/2024\/06\/ablauf-erstbewertung-2.jpg 800w, https:\/\/euromedicalife.com\/wp-content\/uploads\/2024\/06\/ablauf-erstbewertung-2-300x300.jpg 300w, https:\/\/euromedicalife.com\/wp-content\/uploads\/2024\/06\/ablauf-erstbewertung-2-150x150.jpg 150w, https:\/\/euromedicalife.com\/wp-content\/uploads\/2024\/06\/ablauf-erstbewertung-2-768x768.jpg 768w, https:\/\/euromedicalife.com\/wp-content\/uploads\/2024\/06\/ablauf-erstbewertung-2-12x12.jpg 12w\" sizes=\"(max-width: 800px) 100vw, 800px\" \/><\/div>\t\t\t\t<div class=\"timeline-item__card-content\">\n\t\t\t\t\t<div class=\"timeline-item__meta\"><\/div><h5 class=\"timeline-item__card-title\">2. \u0130lk de\u011ferlendirme<\/h5><div class=\"timeline-item__card-desc\">Hasta talebinin ve t\u0131bbi ihtiya\u00e7lar\u0131n\u0131n ilk de\u011ferlendirmesi  <\/div>\t\t\t\t<\/div>\n\t\t\t\t\t\t<\/div>\n\t\t<div class=\"timeline-item__card-arrow\"><\/div>\n\t<\/div>\n\t<div class=\"timeline-item__point\"><div class=\"timeline-item__point-content timeline-item__point-content--text\">2<\/div><\/div><div class=\"timeline-item__meta\"><\/div><\/div><div class=\"jet-timeline-item jet-timeline-item--animated elementor-repeater-item-dc06c0d jet-timeline-item--image-inside\">\n\t<div class=\"timeline-item__card\">\n\t\t<div class=\"timeline-item__card-inner\">\n\t\t\t\t<div class=\"timeline-item__card-img\"><img decoding=\"async\" width=\"800\" height=\"800\" src=\"https:\/\/euromedicalife.com\/wp-content\/uploads\/2024\/06\/ablauf-zoom-meeting-2.jpg\" class=\"attachment-full size-full wp-image-2771\" alt=\"\" srcset=\"https:\/\/euromedicalife.com\/wp-content\/uploads\/2024\/06\/ablauf-zoom-meeting-2.jpg 800w, https:\/\/euromedicalife.com\/wp-content\/uploads\/2024\/06\/ablauf-zoom-meeting-2-300x300.jpg 300w, https:\/\/euromedicalife.com\/wp-content\/uploads\/2024\/06\/ablauf-zoom-meeting-2-150x150.jpg 150w, https:\/\/euromedicalife.com\/wp-content\/uploads\/2024\/06\/ablauf-zoom-meeting-2-768x768.jpg 768w, https:\/\/euromedicalife.com\/wp-content\/uploads\/2024\/06\/ablauf-zoom-meeting-2-12x12.jpg 12w\" sizes=\"(max-width: 800px) 100vw, 800px\" \/><\/div>\t\t\t\t<div class=\"timeline-item__card-content\">\n\t\t\t\t\t<div class=\"timeline-item__meta\"><\/div><h5 class=\"timeline-item__card-title\">3. Toplant\u0131y\u0131 yak\u0131nla\u015ft\u0131r\u0131n<\/h5><div class=\"timeline-item__card-desc\">Gerekti\u011finde t\u0131bbi uzmanlar\u0131m\u0131zla ki\u015fisel \u00e7evrimi\u00e7i de\u011ferlendirme toplant\u0131s\u0131 (Zoom arac\u0131l\u0131\u011f\u0131yla)<\/div>\t\t\t\t<\/div>\n\t\t\t\t\t\t<\/div>\n\t\t<div class=\"timeline-item__card-arrow\"><\/div>\n\t<\/div>\n\t<div class=\"timeline-item__point\"><div class=\"timeline-item__point-content timeline-item__point-content--text\">3<\/div><\/div><div class=\"timeline-item__meta\"><\/div><\/div><div class=\"jet-timeline-item jet-timeline-item--animated elementor-repeater-item-bfadfa4 jet-timeline-item--image-inside\">\n\t<div class=\"timeline-item__card\">\n\t\t<div class=\"timeline-item__card-inner\">\n\t\t\t\t<div class=\"timeline-item__card-img\"><img loading=\"lazy\" decoding=\"async\" width=\"800\" height=\"800\" src=\"https:\/\/euromedicalife.com\/wp-content\/uploads\/2024\/06\/ablauf-indiduelle-behandlungsanforderung-2.jpg\" class=\"attachment-full size-full wp-image-2772\" alt=\"\" srcset=\"https:\/\/euromedicalife.com\/wp-content\/uploads\/2024\/06\/ablauf-indiduelle-behandlungsanforderung-2.jpg 800w, https:\/\/euromedicalife.com\/wp-content\/uploads\/2024\/06\/ablauf-indiduelle-behandlungsanforderung-2-300x300.jpg 300w, https:\/\/euromedicalife.com\/wp-content\/uploads\/2024\/06\/ablauf-indiduelle-behandlungsanforderung-2-150x150.jpg 150w, https:\/\/euromedicalife.com\/wp-content\/uploads\/2024\/06\/ablauf-indiduelle-behandlungsanforderung-2-768x768.jpg 768w, https:\/\/euromedicalife.com\/wp-content\/uploads\/2024\/06\/ablauf-indiduelle-behandlungsanforderung-2-12x12.jpg 12w\" sizes=\"(max-width: 800px) 100vw, 800px\" \/><\/div>\t\t\t\t<div class=\"timeline-item__card-content\">\n\t\t\t\t\t<div class=\"timeline-item__meta\"><\/div><h5 class=\"timeline-item__card-title\">4. Bireysel tedavi gereklilikleri<\/h5><div class=\"timeline-item__card-desc\">Hasta tercihlerine ve bireysel tedavi ihtiya\u00e7lar\u0131na g\u00f6re \u00f6zelle\u015ftirilmi\u015f teklif  <\/div>\t\t\t\t<\/div>\n\t\t\t\t\t\t<\/div>\n\t\t<div class=\"timeline-item__card-arrow\"><\/div>\n\t<\/div>\n\t<div class=\"timeline-item__point\"><div class=\"timeline-item__point-content timeline-item__point-content--text\">4<\/div><\/div><div class=\"timeline-item__meta\"><\/div><\/div><div class=\"jet-timeline-item jet-timeline-item--animated elementor-repeater-item-fc8675f jet-timeline-item--image-inside\">\n\t<div class=\"timeline-item__card\">\n\t\t<div class=\"timeline-item__card-inner\">\n\t\t\t\t<div class=\"timeline-item__card-img\"><img loading=\"lazy\" decoding=\"async\" width=\"800\" height=\"800\" src=\"https:\/\/euromedicalife.com\/wp-content\/uploads\/2024\/06\/ablauf-ausrichtung-vor-der-reise-2.jpg\" class=\"attachment-full size-full wp-image-2773\" alt=\"\" srcset=\"https:\/\/euromedicalife.com\/wp-content\/uploads\/2024\/06\/ablauf-ausrichtung-vor-der-reise-2.jpg 800w, https:\/\/euromedicalife.com\/wp-content\/uploads\/2024\/06\/ablauf-ausrichtung-vor-der-reise-2-300x300.jpg 300w, https:\/\/euromedicalife.com\/wp-content\/uploads\/2024\/06\/ablauf-ausrichtung-vor-der-reise-2-150x150.jpg 150w, https:\/\/euromedicalife.com\/wp-content\/uploads\/2024\/06\/ablauf-ausrichtung-vor-der-reise-2-768x768.jpg 768w, https:\/\/euromedicalife.com\/wp-content\/uploads\/2024\/06\/ablauf-ausrichtung-vor-der-reise-2-12x12.jpg 12w\" sizes=\"(max-width: 800px) 100vw, 800px\" \/><\/div>\t\t\t\t<div class=\"timeline-item__card-content\">\n\t\t\t\t\t<div class=\"timeline-item__meta\"><\/div><h5 class=\"timeline-item__card-title\">5. Yolculuk \u00f6ncesi hizalama<\/h5><div class=\"timeline-item__card-desc\">Kalk\u0131\u015ftan \u00f6nce t\u00fcm haz\u0131rl\u0131klar\u0131 tamamlamak i\u00e7in yolculuk \u00f6ncesi hizalama  <\/div>\t\t\t\t<\/div>\n\t\t\t\t\t\t<\/div>\n\t\t<div class=\"timeline-item__card-arrow\"><\/div>\n\t<\/div>\n\t<div class=\"timeline-item__point\"><div class=\"timeline-item__point-content timeline-item__point-content--text\">5<\/div><\/div><div class=\"timeline-item__meta\"><\/div><\/div><div class=\"jet-timeline-item jet-timeline-item--animated elementor-repeater-item-bfd6d1e jet-timeline-item--image-inside\">\n\t<div class=\"timeline-item__card\">\n\t\t<div class=\"timeline-item__card-inner\">\n\t\t\t\t<div class=\"timeline-item__card-img\"><img loading=\"lazy\" decoding=\"async\" width=\"800\" height=\"800\" src=\"https:\/\/euromedicalife.com\/wp-content\/uploads\/2024\/06\/ablauf-abholung-2.jpg\" class=\"attachment-full size-full wp-image-2774\" alt=\"\" srcset=\"https:\/\/euromedicalife.com\/wp-content\/uploads\/2024\/06\/ablauf-abholung-2.jpg 800w, https:\/\/euromedicalife.com\/wp-content\/uploads\/2024\/06\/ablauf-abholung-2-300x300.jpg 300w, https:\/\/euromedicalife.com\/wp-content\/uploads\/2024\/06\/ablauf-abholung-2-150x150.jpg 150w, https:\/\/euromedicalife.com\/wp-content\/uploads\/2024\/06\/ablauf-abholung-2-768x768.jpg 768w, https:\/\/euromedicalife.com\/wp-content\/uploads\/2024\/06\/ablauf-abholung-2-12x12.jpg 12w\" sizes=\"(max-width: 800px) 100vw, 800px\" \/><\/div>\t\t\t\t<div class=\"timeline-item__card-content\">\n\t\t\t\t\t<div class=\"timeline-item__meta\"><\/div><h5 class=\"timeline-item__card-title\">6. Ki\u015fisel destek<\/h5><div class=\"timeline-item__card-desc\">Ki\u015fisel destek ve bireysel kar\u015f\u0131lama s\u00fcreci ve kat\u0131l\u0131m  <\/div>\t\t\t\t<\/div>\n\t\t\t\t\t\t<\/div>\n\t\t<div class=\"timeline-item__card-arrow\"><\/div>\n\t<\/div>\n\t<div class=\"timeline-item__point\"><div class=\"timeline-item__point-content timeline-item__point-content--text\">6<\/div><\/div><div class=\"timeline-item__meta\"><\/div><\/div><div class=\"jet-timeline-item jet-timeline-item--animated elementor-repeater-item-94ec3b1 jet-timeline-item--image-inside\">\n\t<div class=\"timeline-item__card\">\n\t\t<div class=\"timeline-item__card-inner\">\n\t\t\t\t<div class=\"timeline-item__card-img\"><img loading=\"lazy\" decoding=\"async\" width=\"800\" height=\"800\" src=\"https:\/\/euromedicalife.com\/wp-content\/uploads\/2024\/06\/ablauf-aufenthalt-in-5-sterne-hotel.jpg\" class=\"attachment-full size-full wp-image-2861\" alt=\"\" srcset=\"https:\/\/euromedicalife.com\/wp-content\/uploads\/2024\/06\/ablauf-aufenthalt-in-5-sterne-hotel.jpg 800w, https:\/\/euromedicalife.com\/wp-content\/uploads\/2024\/06\/ablauf-aufenthalt-in-5-sterne-hotel-300x300.jpg 300w, https:\/\/euromedicalife.com\/wp-content\/uploads\/2024\/06\/ablauf-aufenthalt-in-5-sterne-hotel-150x150.jpg 150w, https:\/\/euromedicalife.com\/wp-content\/uploads\/2024\/06\/ablauf-aufenthalt-in-5-sterne-hotel-768x768.jpg 768w, https:\/\/euromedicalife.com\/wp-content\/uploads\/2024\/06\/ablauf-aufenthalt-in-5-sterne-hotel-12x12.jpg 12w\" sizes=\"(max-width: 800px) 100vw, 800px\" \/><\/div>\t\t\t\t<div class=\"timeline-item__card-content\">\n\t\t\t\t\t<div class=\"timeline-item__meta\"><\/div><h5 class=\"timeline-item__card-title\">7. 5 y\u0131ld\u0131zl\u0131 otellerde kal\u0131n<\/h5><div class=\"timeline-item__card-desc\">T\u00fcrkiye'deki sa\u011fl\u0131k tesislerinin \u00e7o\u011fu, genellikle klini\u011fe yak\u0131n birinci s\u0131n\u0131f otellerde konaklama imkan\u0131 sunmaktad\u0131r. Bu oteller konforludur ve konaklaman\u0131z\u0131 keyifli hale getirecek olanaklar sunar.<\/div>\t\t\t\t<\/div>\n\t\t\t\t\t\t<\/div>\n\t\t<div class=\"timeline-item__card-arrow\"><\/div>\n\t<\/div>\n\t<div class=\"timeline-item__point\"><div class=\"timeline-item__point-content timeline-item__point-content--text\">6<\/div><\/div><div class=\"timeline-item__meta\"><\/div><\/div><div class=\"jet-timeline-item jet-timeline-item--animated elementor-repeater-item-0a415bb jet-timeline-item--image-inside\">\n\t<div class=\"timeline-item__card\">\n\t\t<div class=\"timeline-item__card-inner\">\n\t\t\t\t<div class=\"timeline-item__card-img\"><img loading=\"lazy\" decoding=\"async\" width=\"800\" height=\"800\" src=\"https:\/\/euromedicalife.com\/wp-content\/uploads\/2024\/06\/ablauf-begruessung-besprechung-des-zeitlichen-ablaufs.jpg\" class=\"attachment-full size-full wp-image-2862\" alt=\"\" srcset=\"https:\/\/euromedicalife.com\/wp-content\/uploads\/2024\/06\/ablauf-begruessung-besprechung-des-zeitlichen-ablaufs.jpg 800w, https:\/\/euromedicalife.com\/wp-content\/uploads\/2024\/06\/ablauf-begruessung-besprechung-des-zeitlichen-ablaufs-300x300.jpg 300w, https:\/\/euromedicalife.com\/wp-content\/uploads\/2024\/06\/ablauf-begruessung-besprechung-des-zeitlichen-ablaufs-150x150.jpg 150w, https:\/\/euromedicalife.com\/wp-content\/uploads\/2024\/06\/ablauf-begruessung-besprechung-des-zeitlichen-ablaufs-768x768.jpg 768w, https:\/\/euromedicalife.com\/wp-content\/uploads\/2024\/06\/ablauf-begruessung-besprechung-des-zeitlichen-ablaufs-12x12.jpg 12w\" sizes=\"(max-width: 800px) 100vw, 800px\" \/><\/div>\t\t\t\t<div class=\"timeline-item__card-content\">\n\t\t\t\t\t<div class=\"timeline-item__meta\"><\/div><h5 class=\"timeline-item__card-title\">8. Kar\u015f\u0131lama ve s\u00fcrecin tart\u0131\u015f\u0131lmas\u0131<\/h5><div class=\"timeline-item__card-desc\">Var\u0131\u015f\u0131n\u0131zdan sonra s\u0131cak bir \u015fekilde kar\u015f\u0131lanacaks\u0131n\u0131z ve t\u0131bbi ekibimizle ayr\u0131nt\u0131l\u0131 bir g\u00f6r\u00fc\u015fme yap\u0131lacakt\u0131r. Tedavinizin tam s\u00fcrecini tart\u0131\u015faca\u011f\u0131z, t\u00fcm sorular\u0131n\u0131z\u0131 yan\u0131tlayaca\u011f\u0131z ve kendinizi iyi haz\u0131rlanm\u0131\u015f ve bilgili hissetmenizi sa\u011flayaca\u011f\u0131z.<\/div>\t\t\t\t<\/div>\n\t\t\t\t\t\t<\/div>\n\t\t<div class=\"timeline-item__card-arrow\"><\/div>\n\t<\/div>\n\t<div class=\"timeline-item__point\"><div class=\"timeline-item__point-content timeline-item__point-content--text\">6<\/div><\/div><div class=\"timeline-item__meta\"><\/div><\/div><div class=\"jet-timeline-item jet-timeline-item--animated elementor-repeater-item-933c9e4 jet-timeline-item--image-inside\">\n\t<div class=\"timeline-item__card\">\n\t\t<div class=\"timeline-item__card-inner\">\n\t\t\t\t<div class=\"timeline-item__card-img\"><img loading=\"lazy\" decoding=\"async\" width=\"800\" height=\"800\" src=\"https:\/\/euromedicalife.com\/wp-content\/uploads\/2024\/06\/ablauf-individuelle-betreuung-waehrend-des-gesamten-aufenthalts.jpg\" class=\"attachment-full size-full wp-image-2863\" alt=\"\" srcset=\"https:\/\/euromedicalife.com\/wp-content\/uploads\/2024\/06\/ablauf-individuelle-betreuung-waehrend-des-gesamten-aufenthalts.jpg 800w, https:\/\/euromedicalife.com\/wp-content\/uploads\/2024\/06\/ablauf-individuelle-betreuung-waehrend-des-gesamten-aufenthalts-300x300.jpg 300w, https:\/\/euromedicalife.com\/wp-content\/uploads\/2024\/06\/ablauf-individuelle-betreuung-waehrend-des-gesamten-aufenthalts-150x150.jpg 150w, https:\/\/euromedicalife.com\/wp-content\/uploads\/2024\/06\/ablauf-individuelle-betreuung-waehrend-des-gesamten-aufenthalts-768x768.jpg 768w, https:\/\/euromedicalife.com\/wp-content\/uploads\/2024\/06\/ablauf-individuelle-betreuung-waehrend-des-gesamten-aufenthalts-12x12.jpg 12w\" sizes=\"(max-width: 800px) 100vw, 800px\" \/><\/div>\t\t\t\t<div class=\"timeline-item__card-content\">\n\t\t\t\t\t<div class=\"timeline-item__meta\"><\/div><h5 class=\"timeline-item__card-title\">9. Konaklaman\u0131z boyunca bireysel destek<\/h5><div class=\"timeline-item__card-desc\">T\u00fcrkiye'de kald\u0131\u011f\u0131n\u0131z s\u00fcre boyunca kendinizi rahat hissetmenizi ve iyi bak\u0131lman\u0131z\u0131 sa\u011flamak i\u00e7in doktorlar, hem\u015fireler ve di\u011fer t\u0131p uzmanlar\u0131 hizmetinizdedir. D\u00fczenli olarak izleneceksiniz ve tedavinizle ilgili her t\u00fcrl\u00fc ihtiyac\u0131n\u0131zda destek alacaks\u0131n\u0131z.<\/div>\t\t\t\t<\/div>\n\t\t\t\t\t\t<\/div>\n\t\t<div class=\"timeline-item__card-arrow\"><\/div>\n\t<\/div>\n\t<div class=\"timeline-item__point\"><div class=\"timeline-item__point-content timeline-item__point-content--text\">7<\/div><\/div><div class=\"timeline-item__meta\"><\/div><\/div><div class=\"jet-timeline-item jet-timeline-item--animated elementor-repeater-item-da4cd2d jet-timeline-item--image-inside\">\n\t<div class=\"timeline-item__card\">\n\t\t<div class=\"timeline-item__card-inner\">\n\t\t\t\t<div class=\"timeline-item__card-img\"><img loading=\"lazy\" decoding=\"async\" width=\"800\" height=\"800\" src=\"https:\/\/euromedicalife.com\/wp-content\/uploads\/2024\/06\/ablauf-nachsorgezeit-2.jpg\" class=\"attachment-full size-full wp-image-2776\" alt=\"\" srcset=\"https:\/\/euromedicalife.com\/wp-content\/uploads\/2024\/06\/ablauf-nachsorgezeit-2.jpg 800w, https:\/\/euromedicalife.com\/wp-content\/uploads\/2024\/06\/ablauf-nachsorgezeit-2-300x300.jpg 300w, https:\/\/euromedicalife.com\/wp-content\/uploads\/2024\/06\/ablauf-nachsorgezeit-2-150x150.jpg 150w, https:\/\/euromedicalife.com\/wp-content\/uploads\/2024\/06\/ablauf-nachsorgezeit-2-768x768.jpg 768w, https:\/\/euromedicalife.com\/wp-content\/uploads\/2024\/06\/ablauf-nachsorgezeit-2-12x12.jpg 12w\" sizes=\"(max-width: 800px) 100vw, 800px\" \/><\/div>\t\t\t\t<div class=\"timeline-item__card-content\">\n\t\t\t\t\t<div class=\"timeline-item__meta\"><\/div><h5 class=\"timeline-item__card-title\">10. Bak\u0131m sonras\u0131 d\u00f6nem<\/h5><div class=\"timeline-item__card-desc\">  Tedaviniz tamamland\u0131ktan sonra sa\u011fl\u0131k ekibiniz taraf\u0131ndan bak\u0131ma devam edeceksiniz. \u015eahsen veya telet\u0131p yoluyla takip bak\u0131m talimatlar\u0131n\u0131 ve takip ziyaretleri i\u00e7in randevular\u0131 alacaks\u0131n\u0131z.  <\/div>\t\t\t\t<\/div>\n\t\t\t\t\t\t<\/div>\n\t\t<div class=\"timeline-item__card-arrow\"><\/div>\n\t<\/div>\n\t<div class=\"timeline-item__point\"><div class=\"timeline-item__point-content timeline-item__point-content--text\">8<\/div><\/div><div class=\"timeline-item__meta\"><\/div><\/div><div class=\"jet-timeline-item jet-timeline-item--animated elementor-repeater-item-d05b37b jet-timeline-item--image-inside\">\n\t<div class=\"timeline-item__card\">\n\t\t<div class=\"timeline-item__card-inner\">\n\t\t\t\t<div class=\"timeline-item__card-img\"><img loading=\"lazy\" decoding=\"async\" width=\"800\" height=\"800\" src=\"https:\/\/euromedicalife.com\/wp-content\/uploads\/2024\/06\/ablauf-entlassung-aus-dem-krankenhaus-2.jpg\" class=\"attachment-full size-full wp-image-2777\" alt=\"\" srcset=\"https:\/\/euromedicalife.com\/wp-content\/uploads\/2024\/06\/ablauf-entlassung-aus-dem-krankenhaus-2.jpg 800w, https:\/\/euromedicalife.com\/wp-content\/uploads\/2024\/06\/ablauf-entlassung-aus-dem-krankenhaus-2-300x300.jpg 300w, https:\/\/euromedicalife.com\/wp-content\/uploads\/2024\/06\/ablauf-entlassung-aus-dem-krankenhaus-2-150x150.jpg 150w, https:\/\/euromedicalife.com\/wp-content\/uploads\/2024\/06\/ablauf-entlassung-aus-dem-krankenhaus-2-768x768.jpg 768w, https:\/\/euromedicalife.com\/wp-content\/uploads\/2024\/06\/ablauf-entlassung-aus-dem-krankenhaus-2-12x12.jpg 12w\" sizes=\"(max-width: 800px) 100vw, 800px\" \/><\/div>\t\t\t\t<div class=\"timeline-item__card-content\">\n\t\t\t\t\t<div class=\"timeline-item__meta\"><\/div><h5 class=\"timeline-item__card-title\">Final: Hastaneden taburculuk<\/h5><div class=\"timeline-item__card-desc\">Hastaneden taburcu...  <\/div>\t\t\t\t<\/div>\n\t\t\t\t\t\t<\/div>\n\t\t<div class=\"timeline-item__card-arrow\"><\/div>\n\t<\/div>\n\t<div class=\"timeline-item__point\"><div class=\"timeline-item__point-content timeline-item__point-content--text\">9<\/div><\/div><div class=\"timeline-item__meta\"><\/div><\/div><\/div><\/div><\/div>\t\t\t\t<\/div>\n\t\t\t\t<\/div>\n\t\t\t\t\t<\/div>\n\t\t\t\t<\/div>\n\t\t\t\t<\/div>\n\t\t","protected":false},"excerpt":{"rendered":"<p>7\/24 canl\u0131 \u00e7a\u011fr\u0131 hizmeti \u0130lk kat\u0131l\u0131m s\u00fcrecimiz hastalar\u0131m\u0131z\u0131n refah\u0131na odaklan\u0131r ve tam entegre bir hizmet teklifi sunan 7\/24 canl\u0131 \u00e7a\u011fr\u0131 hizmetiyle desteklenir. MEDICALIFE&#8217;da hastalar\u0131m\u0131z\u0131n konaklamalar\u0131 ve tedavileri s\u0131ras\u0131nda organizasyonel konularla ilgili endi\u015felenmelerine gerek kalmadan arkalar\u0131na yaslan\u0131p rahatlayabilmeleri i\u00e7in t\u00fcm formalitelerle ilgileniyoruz. 1. Merkez ekiple ileti\u015fime ge\u00e7in Hasta yetkili \u00e7a\u011fr\u0131 merkezi ekibimizle ileti\u015fime ge\u00e7er 1 2.&hellip;<\/p>\n","protected":false},"author":1,"featured_media":0,"parent":0,"menu_order":0,"comment_status":"closed","ping_status":"closed","template":"","meta":{"footnotes":""},"class_list":["post-5510","page","type-page","status-publish","hentry"],"_links":{"self":[{"href":"https:\/\/euromedicalife.com\/tr\/wp-json\/wp\/v2\/pages\/5510","targetHints":{"allow":["GET"]}}],"collection":[{"href":"https:\/\/euromedicalife.com\/tr\/wp-json\/wp\/v2\/pages"}],"about":[{"href":"https:\/\/euromedicalife.com\/tr\/wp-json\/wp\/v2\/types\/page"}],"author":[{"embeddable":true,"href":"https:\/\/euromedicalife.com\/tr\/wp-json\/wp\/v2\/users\/1"}],"replies":[{"embeddable":true,"href":"https:\/\/euromedicalife.com\/tr\/wp-json\/wp\/v2\/comments?post=5510"}],"version-history":[{"count":0,"href":"https:\/\/euromedicalife.com\/tr\/wp-json\/wp\/v2\/pages\/5510\/revisions"}],"wp:attachment":[{"href":"https:\/\/euromedicalife.com\/tr\/wp-json\/wp\/v2\/media?parent=5510"}],"curies":[{"name":"wp","href":"https:\/\/api.w.org\/{rel}","templated":true}]}}