{"id":5424,"date":"2024-03-12T19:24:56","date_gmt":"2024-03-12T19:24:56","guid":{"rendered":"https:\/\/medicalife.smkmedya.com\/misyon-ve-vizyon\/"},"modified":"2024-08-25T13:53:23","modified_gmt":"2024-08-25T13:53:23","slug":"misyon-ve-vizyon","status":"publish","type":"page","link":"https:\/\/euromedicalife.com\/tr\/misyon-ve-vizyon\/","title":{"rendered":"Misyon ve Vizyon"},"content":{"rendered":"\t\t<div data-elementor-type=\"wp-page\" data-elementor-id=\"5424\" class=\"elementor elementor-5424 elementor-75\" data-elementor-post-type=\"page\">\n\t\t\t\t<div class=\"elementor-element elementor-element-584d728 e-flex e-con-boxed e-con e-parent\" data-id=\"584d728\" data-element_type=\"container\" data-e-type=\"container\" data-settings=\"{&quot;background_background&quot;:&quot;classic&quot;,&quot;jet_parallax_layout_list&quot;:[]}\">\n\t\t\t\t\t<div class=\"e-con-inner\">\n\t\t\t\t<div class=\"elementor-element elementor-element-b419a0f elementor-widget elementor-widget-heading\" data-id=\"b419a0f\" data-element_type=\"widget\" data-e-type=\"widget\" data-widget_type=\"heading.default\">\n\t\t\t\t\t<h2 class=\"elementor-heading-title elementor-size-default\">Misyonumuz<\/h2>\t\t\t\t<\/div>\n\t\t\t\t<div class=\"elementor-element elementor-element-dbe8c62 elementor-widget-divider--view-line_icon elementor-view-default elementor-widget-divider--element-align-center elementor-widget elementor-widget-divider\" data-id=\"dbe8c62\" data-element_type=\"widget\" data-e-type=\"widget\" data-widget_type=\"divider.default\">\n\t\t\t\t\t\t\t<div class=\"elementor-divider\">\n\t\t\t<span class=\"elementor-divider-separator\">\n\t\t\t\t\t\t\t<div class=\"elementor-icon elementor-divider__element\">\n\t\t\t\t\t<svg aria-hidden=\"true\" class=\"e-font-icon-svg e-fas-circle\" viewBox=\"0 0 512 512\" xmlns=\"http:\/\/www.w3.org\/2000\/svg\"><path d=\"M256 8C119 8 8 119 8 256s111 248 248 248 248-111 248-248S393 8 256 8z\"><\/path><\/svg><\/div>\n\t\t\t\t\t\t<\/span>\n\t\t<\/div>\n\t\t\t\t\t\t<\/div>\n\t\t\t\t<div class=\"elementor-element elementor-element-a4b01b9 elementor-widget elementor-widget-text-editor\" data-id=\"a4b01b9\" data-element_type=\"widget\" data-e-type=\"widget\" data-widget_type=\"text-editor.default\">\n\t\t\t\t\t\t\t\t\t<p>Medikal turizmdeki misyonumuz, d\u00fcnya \u00e7ap\u0131ndaki insanlara T\u00fcrkiye&#8217;de birinci s\u0131n\u0131f t\u0131bbi bak\u0131m sa\u011flamakt\u0131r. Yakla\u015f\u0131k 20 y\u0131ll\u0131k deneyimimiz sayesinde, kapsaml\u0131 niteliklere, doktorlar\u0131n akreditasyonuna ve modern kliniklere dayanan y\u00fcksek kaliteli hizmetler sunmaya \u00e7al\u0131\u015f\u0131yoruz. <\/p>\n\t\t\t\t\t\t\t\t<\/div>\n\t\t\t\t\t<\/div>\n\t\t\t\t<\/div>\n\t\t<div class=\"elementor-element elementor-element-b1fc39c e-flex e-con-boxed e-con e-parent\" data-id=\"b1fc39c\" data-element_type=\"container\" data-e-type=\"container\" data-settings=\"{&quot;background_background&quot;:&quot;classic&quot;,&quot;jet_parallax_layout_list&quot;:[]}\">\n\t\t\t\t\t<div class=\"e-con-inner\">\n\t\t\t\t<div class=\"elementor-element elementor-element-5ebb69f elementor-widget elementor-widget-heading\" data-id=\"5ebb69f\" data-element_type=\"widget\" data-e-type=\"widget\" data-widget_type=\"heading.default\">\n\t\t\t\t\t<h2 class=\"elementor-heading-title elementor-size-default\">Vizyonumuz<\/h2>\t\t\t\t<\/div>\n\t\t\t\t<div class=\"elementor-element elementor-element-d77cc38 elementor-widget-divider--view-line_icon elementor-view-default elementor-widget-divider--element-align-center elementor-widget elementor-widget-divider\" data-id=\"d77cc38\" data-element_type=\"widget\" data-e-type=\"widget\" data-widget_type=\"divider.default\">\n\t\t\t\t\t\t\t<div class=\"elementor-divider\">\n\t\t\t<span class=\"elementor-divider-separator\">\n\t\t\t\t\t\t\t<div class=\"elementor-icon elementor-divider__element\">\n\t\t\t\t\t<svg aria-hidden=\"true\" class=\"e-font-icon-svg e-fas-circle\" viewBox=\"0 0 512 512\" xmlns=\"http:\/\/www.w3.org\/2000\/svg\"><path d=\"M256 8C119 8 8 119 8 256s111 248 248 248 248-111 248-248S393 8 256 8z\"><\/path><\/svg><\/div>\n\t\t\t\t\t\t<\/span>\n\t\t<\/div>\n\t\t\t\t\t\t<\/div>\n\t\t\t\t<div class=\"elementor-element elementor-element-ad3023f elementor-widget elementor-widget-text-editor\" data-id=\"ad3023f\" data-element_type=\"widget\" data-e-type=\"widget\" data-widget_type=\"text-editor.default\">\n\t\t\t\t\t\t\t\t\t<p>Vizyonumuz, k\u00fcresel sa\u011fl\u0131k turizminde \u00f6nc\u00fc bir rol \u00fcstlenmek ve T\u00fcrkiye&#8217;de insanlar\u0131n d\u00fcnya standartlar\u0131nda t\u0131bbi tesislere ve profesyonellere eri\u015fmesini sa\u011flamakt\u0131r. G\u00fcvenilir bir sa\u011fl\u0131k hizmetleri platformu olu\u015ftururken s\u00fcrekli yenilik ve m\u00fckemmellik yoluyla hastalar\u0131m\u0131z\u0131n beklentilerini a\u015fmaya \u00e7al\u0131\u015f\u0131yoruz. <\/p>\n\t\t\t\t\t\t\t\t<\/div>\n\t\t\t\t\t<\/div>\n\t\t\t\t<\/div>\n\t\t\t\t<\/div>\n\t\t","protected":false},"excerpt":{"rendered":"<p>Misyonumuz Medikal turizmdeki misyonumuz, d\u00fcnya \u00e7ap\u0131ndaki insanlara T\u00fcrkiye&#8217;de birinci s\u0131n\u0131f t\u0131bbi bak\u0131m sa\u011flamakt\u0131r. Yakla\u015f\u0131k 20 y\u0131ll\u0131k deneyimimiz sayesinde, kapsaml\u0131 niteliklere, doktorlar\u0131n akreditasyonuna ve modern kliniklere dayanan y\u00fcksek kaliteli hizmetler sunmaya \u00e7al\u0131\u015f\u0131yoruz. Vizyonumuz Vizyonumuz, k\u00fcresel sa\u011fl\u0131k turizminde \u00f6nc\u00fc bir rol \u00fcstlenmek ve T\u00fcrkiye&#8217;de insanlar\u0131n d\u00fcnya standartlar\u0131nda t\u0131bbi tesislere ve profesyonellere eri\u015fmesini sa\u011flamakt\u0131r. G\u00fcvenilir bir sa\u011fl\u0131k hizmetleri&hellip;<\/p>\n","protected":false},"author":1,"featured_media":0,"parent":0,"menu_order":0,"comment_status":"closed","ping_status":"closed","template":"elementor_theme","meta":{"footnotes":""},"class_list":["post-5424","page","type-page","status-publish","hentry"],"_links":{"self":[{"href":"https:\/\/euromedicalife.com\/tr\/wp-json\/wp\/v2\/pages\/5424","targetHints":{"allow":["GET"]}}],"collection":[{"href":"https:\/\/euromedicalife.com\/tr\/wp-json\/wp\/v2\/pages"}],"about":[{"href":"https:\/\/euromedicalife.com\/tr\/wp-json\/wp\/v2\/types\/page"}],"author":[{"embeddable":true,"href":"https:\/\/euromedicalife.com\/tr\/wp-json\/wp\/v2\/users\/1"}],"replies":[{"embeddable":true,"href":"https:\/\/euromedicalife.com\/tr\/wp-json\/wp\/v2\/comments?post=5424"}],"version-history":[{"count":0,"href":"https:\/\/euromedicalife.com\/tr\/wp-json\/wp\/v2\/pages\/5424\/revisions"}],"wp:attachment":[{"href":"https:\/\/euromedicalife.com\/tr\/wp-json\/wp\/v2\/media?parent=5424"}],"curies":[{"name":"wp","href":"https:\/\/api.w.org\/{rel}","templated":true}]}}